{"id":13,"date":"2024-04-16T19:00:00","date_gmt":"2024-04-16T17:00:00","guid":{"rendered":"http:\/\/www.werc-berlin.de\/?page_id=13"},"modified":"2024-04-16T19:15:33","modified_gmt":"2024-04-16T17:15:33","slug":"vereinsorganisation","status":"publish","type":"page","link":"http:\/\/www.werc-berlin.de\/?page_id=13","title":{"rendered":"Vereinsorganisation"},"content":{"rendered":"\n<div style=\"height:35px\" aria-hidden=\"true\" class=\"wp-block-spacer\"><\/div>\n\n\n\n<p>Der Weddinger Eislauf- und Rollsport-Club e.V. (WERC) blickt seit 1954 auf eine \u00fcber 70j\u00e4hrige erfolgreiche Tradition im Eis- und Rollsport in Berlin zur\u00fcck. Viele Generationen von Freizeit- und Breitensportlern, Leistungssportlern oder einfach nur Interessierten haben seitdem im WERC Berlin das Eis- oder Rollschuhlaufen gelernt, Eiskunstlaufen oder Rollkunstlaufen trainiert.<\/p>\n\n\n\n<p>Der WERC ist Vollmitglied im <a rel=\"noopener\" href=\"http:\/\/eissport-berlin.de\" target=\"_blank\">Berliner Eissport-Verband e.V. (BEV)<\/a> und im <a rel=\"noopener\" href=\"http:\/\/www.inline-undrollsportverbandberlin.de\" target=\"_blank\">Inline- und Rollsport-Verband Berlin e.V. (IRVB)<\/a>. Der Spitzenverband des Eiskunstlaufs ist die <a rel=\"noopener\" href=\"http:\/\/www.eislauf-union.de\" target=\"_blank\">Deutsche Eislauf Union e.V.<\/a>. Der Spitzenverband des Rollkunstlaufs ist der <a rel=\"noopener\" href=\"http:\/\/www.driv-rollkunstlauf.de\/\" target=\"_blank\">Deutsche Rollsport und Inline Verband e.V.<\/a><\/p>\n\n\n\n<p>Vereinsmitglieder finden in der <a href=\"http:\/\/www.werc-berlin.de\/?page_id=28\">virtuellen Gesch\u00e4ftsstelle<\/a> die Vereinssatzung, die Jugendordnung und die Beitragsordnung.<\/p>\n\n\n\n<p>Der WERC Berlin hat zwei Sparten: Die <a href=\"http:\/\/www.werc-berlin.de\/?page_id=9\" data-type=\"page\" data-id=\"9\">Rollschuhabteilung <\/a>betreibt die Sportart Rollkunstlaufen und die <a href=\"http:\/\/www.werc-berlin.de\/?page_id=11\" data-type=\"page\" data-id=\"11\">Eislaufabteilung <\/a>bietet Hobby-Eislaufen an und betreibt die Sportart Eiskunstlaufen.<\/p>\n\n\n\n<p>Der Verein wird vom Erweiterten <a href=\"http:\/\/www.werc-berlin.de\/?page_id=26\" data-type=\"page\" data-id=\"26\">Vorstand<\/a> administrativ verwaltet und lebt in den Abteilungen von dem Engagement unserer Trainerinnen und Trainer. <\/p>\n\n\n\n<p><\/p>\n","protected":false},"excerpt":{"rendered":"<p>Der Weddinger Eislauf- und Rollsport-Club e.V. (WERC) blickt seit 1954 auf eine \u00fcber 70j\u00e4hrige erfolgreiche Tradition im Eis- und Rollsport in Berlin zur\u00fcck. Viele Generationen von Freizeit- und Breitensportlern, Leistungssportlern oder einfach nur Interessierten haben seitdem im WERC Berlin das Eis- oder Rollschuhlaufen gelernt, Eiskunstlaufen oder Rollkunstlaufen trainiert. Der WERC ist Vollmitglied im Berliner Eissport-Verband [&hellip;]<\/p>\n","protected":false},"author":3,"featured_media":0,"parent":0,"menu_order":0,"comment_status":"closed","ping_status":"closed","template":"","meta":[],"_links":{"self":[{"href":"http:\/\/www.werc-berlin.de\/index.php?rest_route=\/wp\/v2\/pages\/13"}],"collection":[{"href":"http:\/\/www.werc-berlin.de\/index.php?rest_route=\/wp\/v2\/pages"}],"about":[{"href":"http:\/\/www.werc-berlin.de\/index.php?rest_route=\/wp\/v2\/types\/page"}],"author":[{"embeddable":true,"href":"http:\/\/www.werc-berlin.de\/index.php?rest_route=\/wp\/v2\/users\/3"}],"replies":[{"embeddable":true,"href":"http:\/\/www.werc-berlin.de\/index.php?rest_route=%2Fwp%2Fv2%2Fcomments&post=13"}],"version-history":[{"count":3,"href":"http:\/\/www.werc-berlin.de\/index.php?rest_route=\/wp\/v2\/pages\/13\/revisions"}],"predecessor-version":[{"id":1826,"href":"http:\/\/www.werc-berlin.de\/index.php?rest_route=\/wp\/v2\/pages\/13\/revisions\/1826"}],"wp:attachment":[{"href":"http:\/\/www.werc-berlin.de\/index.php?rest_route=%2Fwp%2Fv2%2Fmedia&parent=13"}],"curies":[{"name":"wp","href":"https:\/\/api.w.org\/{rel}","templated":true}]}}