{"id":20,"date":"2025-03-18T18:10:00","date_gmt":"2025-03-18T17:10:00","guid":{"rendered":"http:\/\/www.werc-berlin.de\/?page_id=20"},"modified":"2025-03-18T17:35:41","modified_gmt":"2025-03-18T16:35:41","slug":"training-rolle","status":"publish","type":"page","link":"http:\/\/www.werc-berlin.de\/?page_id=20","title":{"rendered":"Training &#8211; Rolle"},"content":{"rendered":"\n<div style=\"height:100px\" aria-hidden=\"true\" class=\"wp-block-spacer\"><\/div>\n\n\n\n<h3>Vereinstrainings<\/h3>\n\n\n\n<p>F\u00fcr unsere Mitglieder und alle, die es noch werden wollen, bieten wir im Herzen Berlins ganzj\u00e4hrig Vereinstraining auf Rollschuhen im Wesentlichen in den Disziplinen K\u00fcrlaufen sowie Solotanzen an. Zus\u00e4tzlich trainieren wir noch einige Sportlerinnen in der auslaufenden Disziplin Pflichtlaufen. Ein umfangreiches Angebot steht in einem integrierten Trainingskonzept f\u00fcr alle Alters- und viele Leistungsstufen im Kinder- und Jugendbereich bereit.<\/p>\n\n\n\n<p>Verantwortlich f\u00fcr die Zuweisung zu den einzelnen Gruppen ist die sportliche Leitung in Absprache mit den f\u00fcr die jeweilige Gruppe verantwortlichen Trainerinnen &amp; Trainern. Das Training der K\u00fcr-, Tanz- und Pflichtgruppen findet nach aktuellem Trainingsplan und Absprache mit den jeweiligen Trainerinnen &amp; Trainern statt.<\/p>\n\n\n\n<div style=\"height:32px\" aria-hidden=\"true\" class=\"wp-block-spacer\"><\/div>\n\n\n\n<h3>Sportst\u00e4tten<\/h3>\n\n\n\n<figure class=\"wp-block-table ort\"><table><tbody><tr><td>Rollschuhbahn Poststadion, Berlin-Tiergarten, Lehrter Str 59, 10557 Berlin<\/td><\/tr><tr><td>Sporthalle Osloer Str. 23-26\/ Koloniestr. 17, Berlin-Wedding, 13359 Berlin<\/td><\/tr><tr><td>Sporthalle Sch\u00f6nstedtstr. 4, Berlin-Wedding, 13357 Berlin<\/td><\/tr><\/tbody><\/table><\/figure>\n\n\n\n<div style=\"height:32px\" aria-hidden=\"true\" class=\"wp-block-spacer\"><\/div>\n\n\n\n<h3 id=\"mietschuhe_rolle\">Mietschuhe<\/h3>\n\n\n\n<p>Der Verein verf\u00fcgt \u00fcber einen erheblichen Bestand an Mietrollschuhen (ab Gr\u00f6\u00dfe 25), um die Kosten f\u00fcr Mitglieder und beim Schnuppern m\u00f6glichst niedrig zu halten. Vom f\u00fcr den Sport geeigneten Anf\u00e4ngermodell bis hin zu Topmodellen f\u00fcr den anspruchsvollen L\u00e4ufer. Sind die F\u00fc\u00dfe gr\u00f6\u00dfer geworden, wird einfach in die n\u00e4chste Gr\u00f6\u00dfe getauscht.<\/p>\n\n\n\n<p>Die Kosten belaufen sich derzeit auf \u20ac 25,00 pro Quartal bzw. \u20ac 50,00 pro Saison (Sommer\/Winter). Die Mietgeb\u00fchren sind vorab zu bezahlen und es ist eine Kaution von \u20ac 60,00 zu hinterlegen. Diese wird bei R\u00fcckgabe der Schuhe zur\u00fcckerstattet. Je nach Verf\u00fcgbarkeit werden bei Schnuppertrainings Rollschuhe gegen eine Geb\u00fchr von \u20ac 5,00 verliehen. Der Bestand wird stetig einer Bedarfspr\u00fcfung unterzogen, ein Anspruch auf Mietrollschuhe besteht jedoch nicht.<\/p>\n\n\n\n<div style=\"height:32px\" aria-hidden=\"true\" class=\"wp-block-spacer\"><\/div>\n\n\n\n<h3>Schnuppern &amp; Kontakt<\/h3>\n\n\n\n<p>Infos zu unseren Einstiegsm\u00f6glichkeiten finden sich unter <a href=\"http:\/\/www.werc-berlin.de\/?page_id=18\" data-type=\"page\" data-id=\"18\">Schnuppern auf Rollen<\/a>.<\/p>\n\n\n\n<p>Kontaktieren Sie gerne die Rollschuhabteilung per Mail unter <a href=\"mailto:rollschuh@werc-berlin.de\">rollschuh@werc-berlin.de<\/a> . <\/p>\n","protected":false},"excerpt":{"rendered":"<p>Vereinstrainings F\u00fcr unsere Mitglieder und alle, die es noch werden wollen, bieten wir im Herzen Berlins ganzj\u00e4hrig Vereinstraining auf Rollschuhen im Wesentlichen in den Disziplinen K\u00fcrlaufen sowie Solotanzen an. Zus\u00e4tzlich trainieren wir noch einige Sportlerinnen in der auslaufenden Disziplin Pflichtlaufen. Ein umfangreiches Angebot steht in einem integrierten Trainingskonzept f\u00fcr alle Alters- und viele Leistungsstufen im [&hellip;]<\/p>\n","protected":false},"author":3,"featured_media":0,"parent":9,"menu_order":2,"comment_status":"closed","ping_status":"closed","template":"","meta":[],"_links":{"self":[{"href":"http:\/\/www.werc-berlin.de\/index.php?rest_route=\/wp\/v2\/pages\/20"}],"collection":[{"href":"http:\/\/www.werc-berlin.de\/index.php?rest_route=\/wp\/v2\/pages"}],"about":[{"href":"http:\/\/www.werc-berlin.de\/index.php?rest_route=\/wp\/v2\/types\/page"}],"author":[{"embeddable":true,"href":"http:\/\/www.werc-berlin.de\/index.php?rest_route=\/wp\/v2\/users\/3"}],"replies":[{"embeddable":true,"href":"http:\/\/www.werc-berlin.de\/index.php?rest_route=%2Fwp%2Fv2%2Fcomments&post=20"}],"version-history":[{"count":12,"href":"http:\/\/www.werc-berlin.de\/index.php?rest_route=\/wp\/v2\/pages\/20\/revisions"}],"predecessor-version":[{"id":2079,"href":"http:\/\/www.werc-berlin.de\/index.php?rest_route=\/wp\/v2\/pages\/20\/revisions\/2079"}],"up":[{"embeddable":true,"href":"http:\/\/www.werc-berlin.de\/index.php?rest_route=\/wp\/v2\/pages\/9"}],"wp:attachment":[{"href":"http:\/\/www.werc-berlin.de\/index.php?rest_route=%2Fwp%2Fv2%2Fmedia&parent=20"}],"curies":[{"name":"wp","href":"https:\/\/api.w.org\/{rel}","templated":true}]}}