{"id":22,"date":"2023-05-04T09:14:00","date_gmt":"2023-05-04T07:14:00","guid":{"rendered":"http:\/\/www.werc-berlin.de\/?page_id=22"},"modified":"2026-04-18T15:10:23","modified_gmt":"2026-04-18T13:10:23","slug":"vettermann-pokal","status":"publish","type":"page","link":"http:\/\/www.werc-berlin.de\/?page_id=22","title":{"rendered":"24. Vettermann-Pokal 2026"},"content":{"rendered":"\n<p class=\"has-medium-font-size\"><strong>Termin: 8. &#8211; 10. Mai 2026<\/strong><\/p>\n\n\n\n<p>Der <strong>24. Vettermann-Pokal 2026<\/strong> fand vom <strong>Fr. 8. &#8211; So. 10. Mai 202<\/strong>6 in Berlin statt. <\/p>\n\n\n\n<p><strong>ZEITPLAN<\/strong> Stand: 17.4.2026<\/p>\n\n\n\n<div class=\"wp-block-file\"><a href=\"http:\/\/www.werc-berlin.de\/wp-content\/uploads\/2026\/04\/VP2026_Zeitplan-v1_20260417.pdf\">VP2026_Zeitplan-v1_20260417<\/a><a href=\"http:\/\/www.werc-berlin.de\/wp-content\/uploads\/2026\/04\/VP2026_Zeitplan-v1_20260417.pdf\" class=\"wp-block-file__button\" download>Herunterladen<\/a><\/div>\n\n\n\n<p><strong><strong>TEILNEHMERLISTE<\/strong><\/strong> Stand: 17.4.2026<\/p>\n\n\n\n<div class=\"wp-block-file\"><a href=\"http:\/\/www.werc-berlin.de\/wp-content\/uploads\/2026\/04\/VP2026_Teilnehmer_20260416.pdf\">VP2026_Teilnehmer_20260416<\/a><a href=\"http:\/\/www.werc-berlin.de\/wp-content\/uploads\/2026\/04\/VP2026_Teilnehmer_20260416.pdf\" class=\"wp-block-file__button\" download>Herunterladen<\/a><\/div>\n\n\n\n<p><strong><strong>AUSSCHREIBUNG<\/strong><\/strong><\/p>\n\n\n\n<div class=\"wp-block-file\"><a href=\"http:\/\/www.werc-berlin.de\/wp-content\/uploads\/2026\/03\/VP2026_Ausschreibung_20260320.pdf\">VP2026_Ausschreibung_20260320<\/a><a href=\"http:\/\/www.werc-berlin.de\/wp-content\/uploads\/2026\/03\/VP2026_Ausschreibung_20260320.pdf\" class=\"wp-block-file__button\" download>Herunterladen<\/a><\/div>\n\n\n\n<div class=\"wp-block-file\"><a href=\"http:\/\/www.werc-berlin.de\/wp-content\/uploads\/2026\/03\/VP2026-Meldetabelle-1.xlsx\">VP2026-Meldetabelle<\/a><a href=\"http:\/\/www.werc-berlin.de\/wp-content\/uploads\/2026\/03\/VP2026-Meldetabelle-1.xlsx\" class=\"wp-block-file__button\" download>Herunterladen<\/a><\/div>\n\n\n\n<hr class=\"wp-block-separator\"\/>\n\n\n\n<p><strong>INFO:<\/strong> F\u00fcr die Ver\u00f6ffentlichung von <strong>Wettbewerbsinformationen<\/strong> vor und w\u00e4hrend der Veranstaltung verwenden wir die App des Anbieters&nbsp;<a rel=\"noreferrer noopener\" href=\"https:\/\/sportity.com\/\" target=\"_blank\">Sportity<\/a>. Die App von <strong>Sportity<\/strong> findet ihr bei GooglePlay bzw. im AppStore. Nach Abschluss der Veranstaltung werden die Wettbewerbsinformationen in der Sportity App gel\u00f6scht. Bei Nutzung der App bitte folgendes <strong>Passwort<\/strong> verwenden: <strong>DRIVRK<\/strong><\/p>\n\n\n\n<p><\/p>\n\n\n\n<p><\/p>\n\n\n\n<p><\/p>\n\n\n\n<hr class=\"wp-block-separator\"\/>\n\n\n\n<p><\/p>\n\n\n\n<h2>Zur <strong>Geschichte<\/strong> des Pokals<\/h2>\n\n\n\n<p class=\"has-text-align-left\"><img loading=\"lazy\" width=\"133\" height=\"199\" class=\"alignleft  wp-image-154\" src=\"http:\/\/www.werc-berlin.de\/wp-content\/uploads\/2016\/05\/IMG_8088-200x300.jpg\" alt=\"IMG_8088\" srcset=\"http:\/\/www.werc-berlin.de\/wp-content\/uploads\/2016\/05\/IMG_8088-200x300.jpg 200w, http:\/\/www.werc-berlin.de\/wp-content\/uploads\/2016\/05\/IMG_8088-768x1152.jpg 768w, http:\/\/www.werc-berlin.de\/wp-content\/uploads\/2016\/05\/IMG_8088-683x1024.jpg 683w\" sizes=\"(max-width: 133px) 100vw, 133px\" \/><span style=\"color: inherit;\">Zu Ehren der Vereinsgr\u00fcnder Antonia und Werner Vettermann haben wir unseren Vettermann-Pokal im Jahr 2001 ins Leben gerufen, zun\u00e4chst als Hallen-Wettbewerb in der Sporthalle Osloer Str.\/ Koloniestr. Von 2011-2022 findet der &#8222;VP&#8220; im Poststadion statt &#8211; der Trainings- und Wettbewerbsst\u00e4tte vieler Generationen von Rollkunstl\u00e4ufern des WERC und Wirkungsst\u00e4tte von Familie Vettermann, seit 2023 nach der erfolgreichen und rollkunstlaufgerechten Sanierung der Sporthalle OSZ KIM* nutzen wir beide Fl\u00e4chen z.T. parallel.<\/span><\/p>\n\n\n\n<p><\/p>\n\n\n\n<p><strong>Austragungsort<\/strong>: Die Rollkunstlauf-geeignete Parkett-Sporthalle im OSZ KIM* (Osloer Str. 23-2\/ Ecke Koloniestr. 17, 13359 Berlin). <em>* OSZ KIM = Oberstufenzentrum Kommunikations-, Informations- und Medientechnik<\/em>, sowie &#8211; bei Bedarf &#8211; die \u00fcberdachte Rollschuhbahn im Berliner Poststadion (Lehrter Str. 59, 10557 Berlin-Moabit)<\/p>\n\n\n\n<p>Wir freuen uns, bald wieder viele Sportlerinnen &amp; Sportler bei uns begr\u00fc\u00dfen zu d\u00fcrfen.<\/p>\n\n\n\n<hr class=\"wp-block-separator\"\/>\n\n\n\n<p><\/p>\n\n\n\n<p><\/p>\n\n\n\n<p><\/p>\n\n\n\n<h2>Archiv<\/h2>\n\n\n\n<p>Der <strong>23. Vettermann-Pokal 2025<\/strong> fand vom <strong>9.-11. Mai 2025<\/strong> in Berlin statt. <\/p>\n\n\n\n<p><strong>ERGEBNISSE<\/strong><\/p>\n\n\n\n<div class=\"wp-block-file\"><a href=\"http:\/\/www.werc-berlin.de\/wp-content\/uploads\/2025\/05\/VP-2025-Ergebnisse-GESAMT.pdf\">VP-2025-Ergebnisse-GESAMT<\/a><a href=\"http:\/\/www.werc-berlin.de\/wp-content\/uploads\/2025\/05\/VP-2025-Ergebnisse-GESAMT.pdf\" class=\"wp-block-file__button\" download>Herunterladen<\/a><\/div>\n\n\n\n<div class=\"wp-block-file\"><a href=\"http:\/\/www.werc-berlin.de\/wp-content\/uploads\/2025\/06\/VP-2025-Panelsheets-Rolltanzen.pdf\">VP-2025-Panelsheets-Rolltanzen<\/a><a href=\"http:\/\/www.werc-berlin.de\/wp-content\/uploads\/2025\/06\/VP-2025-Panelsheets-Rolltanzen.pdf\" class=\"wp-block-file__button\" download>Herunterladen<\/a><\/div>\n\n\n\n<div class=\"wp-block-file\"><a href=\"http:\/\/www.werc-berlin.de\/wp-content\/uploads\/2025\/06\/VP-2025-Panelsheets-Kuerlaufen.pdf\">VP-2025-Panelsheets-Kuerlaufen<\/a><a href=\"http:\/\/www.werc-berlin.de\/wp-content\/uploads\/2025\/06\/VP-2025-Panelsheets-Kuerlaufen.pdf\" class=\"wp-block-file__button\" download>Herunterladen<\/a><\/div>\n\n\n\n<p><strong><strong>TN-LISTE und ZEITPLAN <\/strong><\/strong><\/p>\n\n\n\n<div class=\"wp-block-file\"><a href=\"http:\/\/www.werc-berlin.de\/wp-content\/uploads\/2025\/05\/VP-2025-Zeitplan-v2-20250506.pdf\">VP-2025-Zeitplan-v2-20250506<\/a><a href=\"http:\/\/www.werc-berlin.de\/wp-content\/uploads\/2025\/05\/VP-2025-Zeitplan-v2-20250506.pdf\" class=\"wp-block-file__button\" download>Herunterladen<\/a><\/div>\n\n\n\n<div class=\"wp-block-file\"><a href=\"http:\/\/www.werc-berlin.de\/wp-content\/uploads\/2025\/05\/VP-2025-TN-Liste-v2-20250506.pdf\">VP-2025-TN-Liste-v2-20250506<\/a><a href=\"http:\/\/www.werc-berlin.de\/wp-content\/uploads\/2025\/05\/VP-2025-TN-Liste-v2-20250506.pdf\" class=\"wp-block-file__button\" download>Herunterladen<\/a><\/div>\n\n\n\n<p><strong><strong>AUSSCHREIBUNG<\/strong><\/strong><\/p>\n\n\n\n<div class=\"wp-block-file\"><a href=\"http:\/\/www.werc-berlin.de\/wp-content\/uploads\/2025\/03\/VP2025_Ausschreibung_genehmigt.pdf\">VP2025_Ausschreibung_genehmigt<\/a><a href=\"http:\/\/www.werc-berlin.de\/wp-content\/uploads\/2025\/03\/VP2025_Ausschreibung_genehmigt.pdf\" class=\"wp-block-file__button\" download>Herunterladen<\/a><\/div>\n\n\n\n<div class=\"wp-block-file\"><a href=\"http:\/\/www.werc-berlin.de\/wp-content\/uploads\/2025\/03\/VP2025_Meldeformular.xlsx\">VP2025_Meldeformular<\/a><a href=\"http:\/\/www.werc-berlin.de\/wp-content\/uploads\/2025\/03\/VP2025_Meldeformular.xlsx\" class=\"wp-block-file__button\" download>Herunterladen<\/a><\/div>\n\n\n\n<p><\/p>\n\n\n\n<p class=\"has-medium-font-size\"><strong>22. Vettermann-Pokal 2024<\/strong><\/p>\n\n\n\n<p><strong>ERGEBNISSE <\/strong><\/p>\n\n\n\n<div class=\"wp-block-file\"><a href=\"http:\/\/www.werc-berlin.de\/wp-content\/uploads\/2024\/05\/VP-2024-Ergebnisse-20240512.pdf\">VP-2024-Ergebnisse-20240512<\/a><a href=\"http:\/\/www.werc-berlin.de\/wp-content\/uploads\/2024\/05\/VP-2024-Ergebnisse-20240512.pdf\" class=\"wp-block-file__button\" download>Herunterladen<\/a><\/div>\n\n\n\n<p><strong>ZEITPLAN<\/strong> (Stand: 07.05.2024)<\/p>\n\n\n\n<div class=\"wp-block-file\"><a href=\"http:\/\/www.werc-berlin.de\/wp-content\/uploads\/2024\/05\/VP-2024-Zeitplan-v2-20240507.pdf\">VP-2024-Zeitplan-v2-20240507<\/a><a href=\"http:\/\/www.werc-berlin.de\/wp-content\/uploads\/2024\/05\/VP-2024-Zeitplan-v2-20240507.pdf\" class=\"wp-block-file__button\" download>Herunterladen<\/a><\/div>\n\n\n\n<p><strong>AUSSCHREIBUNG:<\/strong><\/p>\n\n\n\n<div class=\"wp-block-file\"><a href=\"http:\/\/www.werc-berlin.de\/wp-content\/uploads\/2024\/04\/Vettermann-Pokal-2024_Ausschreibung.pdf\">Vettermann-Pokal 2024_Ausschreibung<\/a><a href=\"http:\/\/www.werc-berlin.de\/wp-content\/uploads\/2024\/04\/Vettermann-Pokal-2024_Ausschreibung.pdf\" class=\"wp-block-file__button\" download>Herunterladen<\/a><\/div>\n\n\n\n<p><\/p>\n\n\n\n<hr class=\"wp-block-separator\"\/>\n\n\n\n<p class=\"has-medium-font-size\"><strong>21. Vettermann-Pokal 2023<\/strong><\/p>\n\n\n\n<p>Vom&nbsp;<strong>05.-07. Mai 2023<\/strong>&nbsp;fand der&nbsp;<strong>21. Vettermann-Pokal 2023&nbsp;<\/strong>im Poststadion und in der Sporthalle OSZ KIM in Berlin statt. Aufgrund des gro\u00dfen Meldeaufkommens (wor\u00fcber wir uns sehr gefreut haben!) haben wir bereits am Freitag mit den Wettbewerben begonnen und am Samstag die Wettbewerbe parallel im Poststadion und in der Sporthalle OSZ KIM durchgef\u00fchrt.<\/p>\n\n\n\n<p>Vielen Dank an alle 19 Vereine und die \u00fcber 300 Sportlerinnen und Sportler, die die Reise nach Berlin auf sich genommen und an unserem Vettermann-Pokal teilgenommen haben!<\/p>\n\n\n\n<p><strong>ERGEBNISSE<\/strong><\/p>\n\n\n\n<div class=\"wp-block-file\"><a href=\"http:\/\/www.werc-berlin.de\/wp-content\/uploads\/2023\/05\/VP-2023-Ergebnisliste-20230509.pdf\">VP-2023-Ergebnisliste-20230509<\/a><a href=\"http:\/\/www.werc-berlin.de\/wp-content\/uploads\/2023\/05\/VP-2023-Ergebnisliste-20230509.pdf\" class=\"wp-block-file__button\" download>Herunterladen<\/a><\/div>\n\n\n\n<p><strong>ZEITPLAN<\/strong> (Stand: 30.04.2023)<\/p>\n\n\n\n<div class=\"wp-block-file\"><a href=\"http:\/\/www.werc-berlin.de\/wp-content\/uploads\/2023\/05\/VP-2023-Zeitplan-v1-20230430.pdf\">VP-2023-Zeitplan-v1-20230430<\/a><a href=\"http:\/\/www.werc-berlin.de\/wp-content\/uploads\/2023\/05\/VP-2023-Zeitplan-v1-20230430.pdf\" class=\"wp-block-file__button\" download>Herunterladen<\/a><\/div>\n\n\n\n<hr class=\"wp-block-separator\"\/>\n\n\n\n<p><\/p>\n\n\n\n<p class=\"has-medium-font-size\"><strong>20. Vettermann-Pokal 2022<\/strong><\/p>\n\n\n\n<p>Aufgrund der COVID-Pandemie konnte der Vettermann-Pokal in den vergangenen zwei Jahren nicht wie geplant stattfinden. Am <strong>07.-08. Mai 2022<\/strong> fand der <strong>20. Vettermann-Pokal 2022<\/strong> als Wiederauflage des beliebten Wettbewerbs in vergleichsweise kleinem Umfang statt. Sowohl bei den Bestandszahlen als auch insbesondere beim Leistungsstand im Breitensport haben die Pandemie-Auflagen deutlich sichtbare Spuren hinterlassen. Dennoch waren alle Beteiligten froh \u00fcber den Neubeginn und die allm\u00e4hliche R\u00fcckkehr in einen Normalzustand. <\/p>\n\n\n\n<p><strong>ERGEBNISSE<\/strong> <\/p>\n\n\n\n<div class=\"wp-block-file\"><a href=\"http:\/\/www.werc-berlin.de\/wp-content\/uploads\/2022\/05\/VP-2022-Ergebnisliste-20220508.pdf\">VP-2022-Ergebnisliste-20220508<\/a><a href=\"http:\/\/www.werc-berlin.de\/wp-content\/uploads\/2022\/05\/VP-2022-Ergebnisliste-20220508.pdf\" class=\"wp-block-file__button\" download>Herunterladen<\/a><\/div>\n\n\n\n<p><strong>ZEITPLAN<\/strong> (Stand: 30.4.2022)<\/p>\n\n\n\n<div class=\"wp-block-file\"><a href=\"http:\/\/www.werc-berlin.de\/wp-content\/uploads\/2022\/05\/VP-2022-TN-Liste-v2-20220430.pdf\">VP-2022-TN-Liste-v2-20220430<\/a><a href=\"http:\/\/www.werc-berlin.de\/wp-content\/uploads\/2022\/05\/VP-2022-TN-Liste-v2-20220430.pdf\" class=\"wp-block-file__button\" download>Herunterladen<\/a><\/div>\n\n\n\n<h3>&nbsp;<\/h3>\n\n\n\n<h3 class=\"has-medium-font-size\">19. Vettermann-Pokal 2019<\/h3>\n\n\n\n<p>Ergebnisliste 2019:&nbsp;<a href=\"http:\/\/www.werc-berlin.de\/wp-content\/uploads\/2019\/05\/VP-2019-Ergebnisliste.pdf\">VP 2019 Ergebnisliste<\/a><\/p>\n\n\n\n<p><strong>Wie werden eigentlich&nbsp;aus Noten Pl\u00e4tze? Hier hilft Euch ein WERCs-Leitfaden unter <a href=\"http:\/\/www.werc-berlin.de\/?page_id=746\">Know-How<\/a>&nbsp;weiter.<\/strong><\/p>\n\n\n\n<p>Der Vettermann-Pokal fand am 11. und 12. Mai 2019 zum 19. Mal statt.<\/p>\n\n\n\n<p>Erneut haben mehr als 200 Rollkunstl\u00e4uferinnen und Rollkunstl\u00e4ufer den Weg in die Mitte Berlins gefunden und spannende Wettbewerbe geliefert.<\/p>\n\n\n\n<div class=\"Titel\">\n<p>Insgesamt 18 Vereine nahmen am diesj\u00e4hrigen Pokal mit Starts in den Disziplinen&nbsp;Pflicht, K\u00fcr, Solotanz und Paarlauf teil. Mehr als 77 Teilnehmerinnen und Teilnehmer starteten in den leistungsorientierten Altersklassen, knapp 130 Starts erfolgten im Wettbewerbskonzept Breitensport. Topleistungen brachten auch die eingesetzten Wertungsgerichte.<\/p>\n<p>In der Vereinswertung konnte der WERC den 1. Platz belegen, gefolgt vom 1. RC G\u00f6ttingen und dem RESC Hameln.<\/p>\n<p>Wir laden schon jetzt zu unserem 20. Pokaljubil\u00e4um in unserem 66. Vereinsjahr zum 20. Vettermann-Pokal 2020 vom 09.-10. Mai 2020 ein. Wir freuen uns auf ein Wiedersehen!<\/p>\n<\/div>\n\n\n\n<p>Zeitplan 2019:&nbsp;<a href=\"http:\/\/www.werc-berlin.de\/wp-content\/uploads\/2019\/05\/VP-2019-Zeitplan-v2-20190505.pdf\">VP 2019 &#8211; Zeitplan v2 20190505<\/a><\/p>\n\n\n\n<p>Ausschreibung 2019: <a href=\"http:\/\/www.werc-berlin.de\/wp-content\/uploads\/2019\/04\/VP-2019-Ausschreibung_20190416_genehmigt.pdf\">VP 2019 &#8211; Ausschreibung_20190416_genehmigt<\/a><\/p>\n\n\n\n<p><span style=\"color: #800000;\"><em>Aufgrund des \u00dcberschreitens der maximalen Veranstaltungskapazit\u00e4t wurde die Ausschreibung der Wettbewerbe 53 (Freil\u00e4ufer 3) sowie 56 (Anf\u00e4nger 3) zur\u00fcckgenommen. Wir bitten&nbsp; um Verst\u00e4ndnis, dass wir diese beiden Wettbewerbe nicht austragen konnten.&nbsp;<\/em><\/span><\/p>\n\n\n\n<h3 class=\"has-medium-font-size\">18. Vettermann-Pokal 2018<\/h3>\n\n\n\n<p>Ergebnisse:&nbsp;<a href=\"http:\/\/www.werc-berlin.de\/wp-content\/uploads\/2017\/03\/VP-2018-Ergebnisliste.pdf\">VP 2018 Ergebnisliste<\/a><\/p>\n\n\n\n<h3 class=\"has-medium-font-size\">17. Vettermann-Pokal 2017<\/h3>\n\n\n\n<p>Der Vettermann-Pokal hat in 2017 zum 17. Mal stattgefunden &#8211; am 13. und 14. Mai 2017.<br>Rund 220 Rollkunstl\u00e4uferinnen und Rollkunstl\u00e4ufer haben den Weg nach Berlin auf sich genommen und unseren Wettbewerb mit Leben gef\u00fcllt.<\/p>\n\n\n\n<div class=\"Titel\">\n<p>220 Teilnehmerinnen und Teilnehmer aus 16 Vereinen aus ganz Deutschland reisten in diesem Jahr nach Berlin, um in den Disziplinen&nbsp;Pflicht, K\u00fcr, Solotanz, Paarlauf und Rolltanz ihr K\u00f6nnen unter Beweis zu stellen.<\/p>\n<p>Der WERC konnte in der Vereinswertung den 1. Platz belegen, gefolgt von den Neuk\u00f6llner Sportfreunden (2. Platz) und dem REG Kiel (3. Platz).<\/p>\n<\/div>\n\n\n\n<div class=\"Inhalt\">Ergebnisse: <a href=\"http:\/\/www.werc-berlin.de\/wp-content\/uploads\/2017\/05\/VP17_Ergebnisse-komplett.pdf\">VP17_Ergebnisse komplett<\/a><br><a href=\"http:\/\/www.werc-berlin.de\/wp-content\/uploads\/2017\/03\/VP17_Ausschreibung_genehmigt.pdf\"><br><\/a><br>Austragungsort: Die \u00fcberdachte Rollschuhbahn im Berliner Poststadion (Lehrter Str. 59, 10557 Berlin-Moabit)<\/div>\n\n\n\n<div class=\"Inhalt\">&nbsp;<\/div>\n\n\n\n<p><\/p>\n","protected":false},"excerpt":{"rendered":"<p>Termin: 8. &#8211; 10. Mai 2026 Der 24. Vettermann-Pokal 2026 fand vom Fr. 8. &#8211; So. 10. Mai 2026 in Berlin statt. ZEITPLAN Stand: 17.4.2026 TEILNEHMERLISTE Stand: 17.4.2026 AUSSCHREIBUNG INFO: F\u00fcr die Ver\u00f6ffentlichung von Wettbewerbsinformationen vor und w\u00e4hrend der Veranstaltung verwenden wir die App des Anbieters&nbsp;Sportity. Die App von Sportity findet ihr bei GooglePlay bzw. [&hellip;]<\/p>\n","protected":false},"author":5,"featured_media":151,"parent":9,"menu_order":3,"comment_status":"closed","ping_status":"closed","template":"","meta":[],"_links":{"self":[{"href":"http:\/\/www.werc-berlin.de\/index.php?rest_route=\/wp\/v2\/pages\/22"}],"collection":[{"href":"http:\/\/www.werc-berlin.de\/index.php?rest_route=\/wp\/v2\/pages"}],"about":[{"href":"http:\/\/www.werc-berlin.de\/index.php?rest_route=\/wp\/v2\/types\/page"}],"author":[{"embeddable":true,"href":"http:\/\/www.werc-berlin.de\/index.php?rest_route=\/wp\/v2\/users\/5"}],"replies":[{"embeddable":true,"href":"http:\/\/www.werc-berlin.de\/index.php?rest_route=%2Fwp%2Fv2%2Fcomments&post=22"}],"version-history":[{"count":104,"href":"http:\/\/www.werc-berlin.de\/index.php?rest_route=\/wp\/v2\/pages\/22\/revisions"}],"predecessor-version":[{"id":2429,"href":"http:\/\/www.werc-berlin.de\/index.php?rest_route=\/wp\/v2\/pages\/22\/revisions\/2429"}],"up":[{"embeddable":true,"href":"http:\/\/www.werc-berlin.de\/index.php?rest_route=\/wp\/v2\/pages\/9"}],"wp:featuredmedia":[{"embeddable":true,"href":"http:\/\/www.werc-berlin.de\/index.php?rest_route=\/wp\/v2\/media\/151"}],"wp:attachment":[{"href":"http:\/\/www.werc-berlin.de\/index.php?rest_route=%2Fwp%2Fv2%2Fmedia&parent=22"}],"curies":[{"name":"wp","href":"https:\/\/api.w.org\/{rel}","templated":true}]}}