{"id":598,"date":"2020-10-20T17:25:52","date_gmt":"2020-10-20T15:25:52","guid":{"rendered":"http:\/\/www.werc-berlin.de\/?page_id=598"},"modified":"2020-10-20T17:24:46","modified_gmt":"2020-10-20T15:24:46","slug":"mietschuhe","status":"publish","type":"page","link":"http:\/\/www.werc-berlin.de\/?page_id=598","title":{"rendered":"Mietschlittschuhe"},"content":{"rendered":"<p>Wir betreiben die Sportart Eiskunstlaufen. Hierf\u00fcr sind insbesondere f\u00fcr Kinder und Jugendliche spezielle Eiskunstlaufschlittschuhe n\u00f6tig, um den L\u00e4ufern den n\u00f6tigen Halt in Schuhen und auf dem Eis zu verschaffen. Hierbei ist vieles zu beachten und h\u00e4ufig wachsen die F\u00fc\u00dfe auch innerhalb der Saison. Von einem eigenm\u00e4chtigen Kauf k\u00f6nnen wir aus Erfahrung guten Gewissens abraten.<\/p>\n<p>Der Verein verf\u00fcgt \u00fcber einen erheblichen Bestand an Mietschlittschuhen (ab Gr\u00f6\u00dfe 24 &#8211; z.Zt. maximal Gr\u00f6\u00dfe 40), um die Kosten f\u00fcr unsere Mitglieder und beim Schnuppern m\u00f6glichst niedrig zu halten. Vom f\u00fcr den Sport geeigneten Anf\u00e4ngermodell bis hin zu Topmodellen f\u00fcr den anspruchsvollen Leistungssportler. Sind die F\u00fc\u00dfe gr\u00f6\u00dfer geworden, wird einfach in die n\u00e4chste Gr\u00f6\u00dfe getauscht (ohne jede Zusatzkosten).<\/p>\n<p>Je nach Verf\u00fcgbarkeit werden bei Schnuppertrainings Schlittschuhe gegen eine Geb\u00fchr von \u20ac 5,00 verliehen.<\/p>\n<p>F\u00fcr Mitglieder belaufen sich die Kosten f\u00fcr Mietschlittschuhe auf z.Zt. \u20ac 40,00 je Saison (zzgl. einmalige Schleifgeb\u00fchr von \u20ac 10,00 bei R\u00fcckgabe). Die Mietgeb\u00fchren sind vorab zu bezahlen und es ist eine Kaution von \u20ac 60,00 zu hinterlegen. Diese wird bei R\u00fcckgabe der Schuhe zur\u00fcckerstattet.<\/p>\n<p>F\u00fcr angehende Wettbewerbssportler und unsere Leistungsl\u00e4ufer sind Leistungssportschuhe zur Dauermiete f\u00fcr \u20ac 25,00 je Quartal erh\u00e4ltlich &#8211; so unterst\u00fctzen wir auch unsere Wettbewerbssportler mit der kosteng\u00fcnstigen und einfachen Bereitstellung von hochwertigem Trainingsger\u00e4t.<\/p>\n<p>Der Bestand wird stetig einer Bedarfspr\u00fcfung unterzogen, ein Anspruch auf Mietschlittschuhe besteht jedoch nicht.<\/p>\n<p>Mietschlittschuhe k\u00f6nnen zu bestimmten Terminen problemlos geholt, gebracht oder getauscht werden.<\/p>\n","protected":false},"excerpt":{"rendered":"<p>Wir betreiben die Sportart Eiskunstlaufen. Hierf\u00fcr sind insbesondere f\u00fcr Kinder und Jugendliche spezielle Eiskunstlaufschlittschuhe n\u00f6tig, um den L\u00e4ufern den n\u00f6tigen Halt in Schuhen und auf dem Eis zu verschaffen. Hierbei ist vieles zu beachten und h\u00e4ufig wachsen die F\u00fc\u00dfe auch innerhalb der Saison. Von einem eigenm\u00e4chtigen Kauf k\u00f6nnen wir aus Erfahrung guten Gewissens abraten. Der [&hellip;]<\/p>\n","protected":false},"author":3,"featured_media":0,"parent":11,"menu_order":3,"comment_status":"closed","ping_status":"closed","template":"","meta":[],"_links":{"self":[{"href":"http:\/\/www.werc-berlin.de\/index.php?rest_route=\/wp\/v2\/pages\/598"}],"collection":[{"href":"http:\/\/www.werc-berlin.de\/index.php?rest_route=\/wp\/v2\/pages"}],"about":[{"href":"http:\/\/www.werc-berlin.de\/index.php?rest_route=\/wp\/v2\/types\/page"}],"author":[{"embeddable":true,"href":"http:\/\/www.werc-berlin.de\/index.php?rest_route=\/wp\/v2\/users\/3"}],"replies":[{"embeddable":true,"href":"http:\/\/www.werc-berlin.de\/index.php?rest_route=%2Fwp%2Fv2%2Fcomments&post=598"}],"version-history":[{"count":3,"href":"http:\/\/www.werc-berlin.de\/index.php?rest_route=\/wp\/v2\/pages\/598\/revisions"}],"predecessor-version":[{"id":1209,"href":"http:\/\/www.werc-berlin.de\/index.php?rest_route=\/wp\/v2\/pages\/598\/revisions\/1209"}],"up":[{"embeddable":true,"href":"http:\/\/www.werc-berlin.de\/index.php?rest_route=\/wp\/v2\/pages\/11"}],"wp:attachment":[{"href":"http:\/\/www.werc-berlin.de\/index.php?rest_route=%2Fwp%2Fv2%2Fmedia&parent=598"}],"curies":[{"name":"wp","href":"https:\/\/api.w.org\/{rel}","templated":true}]}}