{"id":774,"date":"2018-05-21T18:58:48","date_gmt":"2018-05-21T16:58:48","guid":{"rendered":"http:\/\/www.werc-berlin.de\/?page_id=774"},"modified":"2018-05-21T19:20:38","modified_gmt":"2018-05-21T17:20:38","slug":"datenschutz","status":"publish","type":"page","link":"http:\/\/www.werc-berlin.de\/?page_id=774","title":{"rendered":"Datenschutz"},"content":{"rendered":"<h4>Grundlegendes<\/h4>\n<p>Diese Datenschutzerkl\u00e4rung soll die Nutzer dieser Website \u00fcber die Art, den Umfang und den Zweck der Erhebung und Verwendung personenbezogener Daten durch den Websitebetreiber informieren. Der Websitebetreiber ist der Vorstand des Weddinger Eislauf- und Rollsport Club (WERC) e.V. . Dessen Kontaktdaten finden Sie im <a href=\"http:\/\/www.werc-berlin.de\/?page_id=5\">Impressum<\/a> dieser Website.<\/p>\n<p>Der Websitebetreiber nimmt Ihren Datenschutz sehr ernst und behandelt Ihre personenbezogenen Daten vertraulich und entsprechend der gesetzlichen Vorschriften.<\/p>\n<p>Personenbezogene Daten sind alle Daten, mit denen Sie pers\u00f6nlich identifiziert werden k\u00f6nnen\u00a0&#8211; also\u00a0etwa Ihr Name, Ihre E-Mail-Adresse und Telefonnummer. Weitere Definitionen der verwendeten Begriffe (z.B.\u00a0\u201cVerarbeitung\u201d oder \u201ePseudonymisierung\u201c) finden Sie in Art. 4 DSGVO.<\/p>\n<p>Bedenken Sie, dass die Daten\u00fcbertragung im Internet grunds\u00e4tzlich mit Sicherheitsl\u00fccken bedacht sein kann. Ein vollumf\u00e4nglicher Schutz vor dem Zugriff durch Fremde ist nicht realisierbar.<\/p>\n<h4>Verantwortliche Stelle<\/h4>\n<p>Die verantwortliche Stelle f\u00fcr die Datenverarbeitung auf dieser Website ist:<\/p>\n<address>Weddinger Eislauf- und Rollsport &#8211; Club (WERC) e.V.<br \/>\nVertreten durch seinen Vorstand<br \/>\nAmendestr. 107<br \/>\n13409 Berlin<br \/>\nTelefon: 030\/496 24 32<\/address>\n<address>Fax:\u00a0 \u00a0 \u00a0 \u00a0030\/498 77 078<br \/>\nMail:\u00a0<a href=\"mailto:info@werc-berlin.de\">info@werc-berlin.de<\/a><\/address>\n<p>Diese Website\u00a0ist bei der\u00a0KONTENT\u00a0GmbH, Win\u00adkel\u00adhau\u00adser Str. 63, 47228 Duis\u00adburg gehostet. Das hei\u00dft, dass alle Dateien dieser Website auf den Servern der Kontent GmbH liegen, auch die Server-Logfiles (s.u.). Mit\u00a0der Kontent GmbH hat der Websitebetreiber im Sinne des Art. 28 DSGVO eine Vereinbarung zur Auftragsdatenverarbeitung (ADV) getroffen. Um\u00a0die Daten zu sch\u00fctzen, hat die Kontent GmbH <a href=\"http:\/\/www.werc-berlin.de\/wp-content\/uploads\/2018\/05\/tom_Kontent.pdf\" target=\"_blank\" rel=\"noopener\">technische und organisatorische Ma\u00dfnahmen (TOM)<\/a> nach Art.\u00a032 DSGVO festgelegt.<\/p>\n<h4>Zugriffsdaten<\/h4>\n<p>Wir, der Websitebetreiber bzw. Seitenprovider, erheben aufgrund unseres berechtigten Interesses (s. Art. 6 Abs. 1 lit. f. DSGVO) Daten \u00fcber Zugriffe auf die Website und speichern diese als \u201cServer-Logfiles\u201d auf dem Server der Website ab. Folgende Daten werden so protokolliert:<\/p>\n<ul>\n<li>Besuchte Website<\/li>\n<li>Uhrzeit zum Zeitpunkt des Zugriffes<\/li>\n<li>Menge der gesendeten Daten in Byte<\/li>\n<li>Quelle\/Verweis, von welchem Sie auf die Seite gelangten<\/li>\n<li>Verwendeter Browser<\/li>\n<li>Verwendetes Betriebssystem<\/li>\n<li>Verwendete IP-Adresse<\/li>\n<\/ul>\n<p>Eine Zusammenf\u00fchrung dieser Daten mit anderen Datenquellen wird nicht vorgenommen.\u00a0Die Er\u00adhe\u00adbung und vor\u00ad\u00fcber\u00adge\u00adhen\u00adde Spei\u00adche\u00adrung der IP-Adres\u00adse ist not\u00adwen\u00addig, damit die Web\u00adsei\u00adte auf Ihrem End\u00adge\u00adr\u00e4t m\u00f6glichst gut angezeigt werden kann. Dies geschieht anonymisiert und l\u00e4sst f\u00fcr den Websitebetreiber keinen R\u00fcckschluss auf Ihre Person zu.<\/p>\n<p>&nbsp;<\/p>\n<h4>Cookies<\/h4>\n<p>Diese Website verwendet Cookies. Bei Cookies handelt es sich um kleine Dateien,\u00a0die auf Ihrem Endger\u00e4t (etwa\u00a0Rechner oder Smartphone) gespeichert werden. Ihr Browser greift auf diese Dateien zu. Durch den Einsatz von Cookies erh\u00f6ht sich die Benutzerfreundlichkeit und Sicherheit dieser Website. Sie k\u00f6nnen diese Website auch ohne Cookies nutzen.<\/p>\n<p>G\u00e4ngige Browser bieten die Einstellungsoption, Cookies nicht zuzulassen. Hinweis: Es ist nicht gew\u00e4hrleistet, dass Sie auf alle Funktionen dieser Website ohne Einschr\u00e4nkungen zugreifen k\u00f6nnen, wenn Sie entsprechende Einstellungen vornehmen.<\/p>\n<p>Falls Sie nicht m\u00f6chten, dass Cookies auf Ihrem Endger\u00e4t gespeichert werden, k\u00f6nnen Sie dem Einsatz dieser Dateien auch hier widersprechen:<\/p>\n<ul>\n<li>Cookie-Deaktivierungsseite der Netzwerkwerbeinitiative:\u00a0<a href=\"http:\/\/optout.networkadvertising.org\/?c=1#!\/\" target=\"_blank\" rel=\"noopener\">http:\/\/optout.networkadvertising.org\/?c=1#!\/<\/a><\/li>\n<\/ul>\n<p>&nbsp;<\/p>\n<h4>Umgang mit Kontaktdaten<\/h4>\n<p>Wenn\u00a0Sie mit uns als Websitebetreiber durch die angebotenen Kontaktm\u00f6glichkeiten Verbindung aufnehmen, werden Ihre Angaben (z.B. Name, Mailadresse\u00a0und andere Angaben, die Sie uns gegen\u00fcber machen) gespeichert. Das ist n\u00f6tig, damit wir Ihre Anfrage bearbeiten und beantworten k\u00f6nnen. Ohne Ihre Einwilligung werden diese Daten nicht an Dritte weitergegeben.<\/p>\n<h4>Rechte des Nutzers<\/h4>\n<p>Sie haben als Nutzer das Recht, auf Antrag eine kostenlose Auskunft dar\u00fcber zu erhalten, welche personenbezogenen Daten \u00fcber Sie gespeichert wurden. Sie haben au\u00dferdem das Recht auf Berichtigung falscher Daten und auf die Verarbeitungseinschr\u00e4nkung oder L\u00f6schung Ihrer personenbezogenen Daten. Falls zutreffend, k\u00f6nnen Sie auch Ihr Recht auf Datenportabilit\u00e4t geltend machen.<\/p>\n<p>Sollten Sie annehmen, dass Ihre Daten unrechtm\u00e4\u00dfig verarbeitet wurden, k\u00f6nnen Sie eine Beschwerde bei der zust\u00e4ndigen Aufsichtsbeh\u00f6rde einreichen.<\/p>\n<h5>L\u00f6schung von Daten<\/h5>\n<p>Sofern Ihr Wunsch nicht mit einer gesetzlichen Pflicht zur Aufbewahrung von Daten (z. B. Vorratsdatenspeicherung) kollidiert, haben Sie ein Anrecht auf L\u00f6schung Ihrer Daten. Von uns gespeicherte Daten werden, sollten sie f\u00fcr ihre Zweckbestimmung nicht mehr vonn\u00f6ten sein und es keine gesetzlichen Aufbewahrungsfristen geben, gel\u00f6scht. Falls eine L\u00f6schung nicht durchgef\u00fchrt werden kann, da die Daten f\u00fcr zul\u00e4ssige gesetzliche Zwecke erforderlich sind, erfolgt eine Einschr\u00e4nkung der Datenverarbeitung. In diesem Fall werden die Daten gesperrt und nicht f\u00fcr andere Zwecke verarbeitet.<\/p>\n<h5>Widerspruchsrecht<\/h5>\n<p>Nutzer dieser Webseite k\u00f6nnen von ihrem Widerspruchsrecht Gebrauch machen und der Verarbeitung ihrer personenbezogenen Daten zu jeder Zeit widersprechen.<\/p>\n<p>Wenn Sie eine Berichtigung, Sperrung, L\u00f6schung oder Auskunft \u00fcber die zu Ihrer Person gespeicherten personenbezogenen Daten w\u00fcnschen oder Fragen bzgl. der Erhebung, Verarbeitung oder Verwendung Ihrer personenbezogenen Daten haben oder erteilte Einwilligungen widerrufen m\u00f6chten, wenden Sie sich bitte an folgende E-Mail-Adresse:\u00a0<a href=\"mailto:info@werc-berlin.de\">info@werc-berlin.de<\/a><\/p>\n","protected":false},"excerpt":{"rendered":"<p>Grundlegendes Diese Datenschutzerkl\u00e4rung soll die Nutzer dieser Website \u00fcber die Art, den Umfang und den Zweck der Erhebung und Verwendung personenbezogener Daten durch den Websitebetreiber informieren. Der Websitebetreiber ist der Vorstand des Weddinger Eislauf- und Rollsport Club (WERC) e.V. . Dessen Kontaktdaten finden Sie im Impressum dieser Website. Der Websitebetreiber nimmt Ihren Datenschutz sehr ernst [&hellip;]<\/p>\n","protected":false},"author":1,"featured_media":0,"parent":0,"menu_order":0,"comment_status":"closed","ping_status":"closed","template":"","meta":[],"_links":{"self":[{"href":"http:\/\/www.werc-berlin.de\/index.php?rest_route=\/wp\/v2\/pages\/774"}],"collection":[{"href":"http:\/\/www.werc-berlin.de\/index.php?rest_route=\/wp\/v2\/pages"}],"about":[{"href":"http:\/\/www.werc-berlin.de\/index.php?rest_route=\/wp\/v2\/types\/page"}],"author":[{"embeddable":true,"href":"http:\/\/www.werc-berlin.de\/index.php?rest_route=\/wp\/v2\/users\/1"}],"replies":[{"embeddable":true,"href":"http:\/\/www.werc-berlin.de\/index.php?rest_route=%2Fwp%2Fv2%2Fcomments&post=774"}],"version-history":[{"count":10,"href":"http:\/\/www.werc-berlin.de\/index.php?rest_route=\/wp\/v2\/pages\/774\/revisions"}],"predecessor-version":[{"id":786,"href":"http:\/\/www.werc-berlin.de\/index.php?rest_route=\/wp\/v2\/pages\/774\/revisions\/786"}],"wp:attachment":[{"href":"http:\/\/www.werc-berlin.de\/index.php?rest_route=%2Fwp%2Fv2%2Fmedia&parent=774"}],"curies":[{"name":"wp","href":"https:\/\/api.w.org\/{rel}","templated":true}]}}